{"id":41,"date":"2023-08-07T12:44:03","date_gmt":"2023-08-07T12:44:03","guid":{"rendered":"https:\/\/insist-h2020.eu\/?page_id=41"},"modified":"2023-08-07T12:44:04","modified_gmt":"2023-08-07T12:44:04","slug":"the-people","status":"publish","type":"page","link":"https:\/\/insist-h2020.eu\/?page_id=41","title":{"rendered":"The People"},"content":{"rendered":"\n<p>In the INSIST project many different Institutes and people are involved. To make it easier to search, the people are grouped by the institute they work in, you can click on their name which takes you to the institute page with short bio.\u00a0<\/p>\n\n\n\n<figure class=\"wp-block-table\"><table><tbody><tr><td><strong>Name<\/strong><\/td><td><strong>Position<\/strong><\/td><td><strong>Institute<\/strong><\/td><td><strong>e-Mail<\/strong><\/td><\/tr><tr><td>\u00a0\u00a0Prof. Dr. Charles Majoie, MD\u00a0\u00a0<\/td><td>Professor of Neuroradiology<\/td><td rowspan=\"7\">Amsterdam UMC, location AMC<\/td><td><a href=\"mailto:c.b.majoie@amsterdamumc.nl\">c.b.majoie@amsterdamumc.nl&nbsp;<\/a>&nbsp;<\/td><\/tr><tr><td>\u00a0\u00a0Dr. Henk A. Marquering<\/td><td>Associate Professor Cardiovascular Imaging and Image Analysis<\/td><td><a href=\"mailto:h.a.marquering@amsterdamumc.nl\">h.a.marquering@amsterdamumc.nl&nbsp;&nbsp;<\/a><\/td><\/tr><tr><td>\u00a0\u00a0Prof. Dr. Ed van Bavel<\/td><td>Professor of Vascular Biophysics<\/td><td><a href=\"mailto:e.vanbavel@amsterdamumc.nl\">e.vanbavel@amsterdamumc.nl&nbsp;&nbsp;<\/a><\/td><\/tr><tr><td>\u00a0\u00a0Prof. Dr. Yvo Roos, MD<\/td><td>Professor of Neurology<\/td><td><a href=\"mailto:y.b.roos@amsterdamumc.nl\">y.b.roos@amsterdamumc.nl<\/a><\/td><\/tr><tr><td>\u00a0\u00a0Sissy Georgakopoulou<\/td><td>PhD fellow<\/td><td><a href=\"mailto:t.georgakopoulou@amsterdamumc.nl\">t.georgakopoulou@amsterdamumc.nl<\/a><\/td><\/tr><tr><td>\u00a0\u00a0Nerea Arrarte Terreros<\/td><td>PhD fellow<\/td><td><a href=\"mailto:n.arrarteterreros@amsterdamumc.nl\">n.arrarteterreros@amsterdamumc.nl<\/a><\/td><\/tr><tr><td>\u00a0\u00a0Praneeta Konduri<\/td><td>PhD fellow<\/td><td><a href=\"mailto:p.r.konduri@amsterdamumc.nl\">p.r.konduri@amsterdamumc.nl&nbsp;<\/a><\/td><\/tr><tr><td>\u00a0\u00a0Prof. Dr. Aad van der Lugt, MD<\/td><td><\/td><td rowspan=\"6\">Erasmus MC<\/td><td><a href=\"mailto:a.vanderlugt@erasmusmc.nl\">a.vanderlugt@erasmusmc.nl<\/a><\/td><\/tr><tr><td>\u00a0\u00a0Dr. Hester Lingsma<\/td><td><\/td><td><a href=\"mailto:h.lingsma@erasmusmc.nl\">h.lingsma@erasmusmc.nl<\/a><\/td><\/tr><tr><td>\u00a0\u00a0Prof. Dr. Diederik Dippel<\/td><td>&nbsp;professor of Acute treatment of neurovascular disease<\/td><td><a href=\"mailto:d.dippel@erasmusmc.nl\">d.dippel@erasmusmc.nl<\/a><\/td><\/tr><tr><td>\u00a0\u00a0Dr. H.M.M. Heleen van Beusekom, PhD, FESC.<\/td><td><\/td><td><\/td><\/tr><tr><td>\u00a0\u00a0Nikki Boodt<\/td><td>PhD fellow<\/td><td><a href=\"mailto:n.boodt@erasmusmc.nl\">n.boodt@erasmusmc.nl<\/a><\/td><\/tr><tr><td>\u00a0\u00a0Noor Samuels<\/td><td>PhD fellow<\/td><td><a href=\"mailto:n.samuels@erasmusmc.nl\">n.samuels@erasmusmc.nl<\/a><\/td><\/tr><tr><td>\u00a0\u00a0Simon De Meyer<\/td><td>Professor<\/td><td rowspan=\"2\">KU Leuven<\/td><td><a href=\"mailto:simon.demeyer@kuleuven.be\">simon.demeyer@kuleuven.be<\/a><\/td><\/tr><tr><td>\u00a0\u00a0Senna Staessens<\/td><td>PhD Fellow<\/td><td><a href=\"mailto:senna.staessens@kuleuven.be\">senna.staessens@kuleuven.be<\/a><\/td><\/tr><tr><td>\u00a0\u00a0Mikhail A. Panteleev<br><br><br><\/td><td>Professor of the Department of Medical Physics<\/td><td rowspan=\"4\">Lomonosov Moscow State University<\/td><td><a href=\"mailto:mapanteleev@physics.msu.ru\">mapanteleev@physics.msu.ru<\/a><\/td><\/tr><tr><td>\u00a0\u00a0Aleksey M. Shibeko<\/td><td>Senior Researcher<\/td><td><a href=\"mailto:alshibeko@gmail.com\">alshibeko@gmail.com<\/a><\/td><\/tr><tr><td>\u00a0\u00a0Anastasia N. Sveshnikova<\/td><td>Senior Researcher<\/td><td><\/td><\/tr><tr><td>\u00a0\u00a0Dmitry Y. Nechipurenko<\/td><td>Senior Researcher<\/td><td><\/td><\/tr><tr><td>\u00a0\u00a0Dr. Patrick McGarry<\/td><td>lecturer &amp; Program Director for Biomedical Engineering<\/td><td rowspan=\"2\">NUI Galway<\/td><td><a href=\"mailto:patrick.mcgarry@nuigalway.ie\">patrick.mcgarry@nuigalway.ie<\/a><\/td><\/tr><tr><td>\u00a0\u00a0Dr. Behrooz Fereidoonnezhad<\/td><td>Postdoc<\/td><td><a href=\"mailto:behrooz.fereidoonnezhad@nuigalway.ie\">behrooz.fereidoonnezhad@nuigalway.ie<\/a><\/td><\/tr><tr><td>\u00a0\u00a0Prof. Gabriele Dubini, PhD<\/td><td>Professor of Bioengineering<\/td><td rowspan=\"6\">POLIMI Politecnico di Milano<\/td><td><a href=\"mailto:gabriele.dubini@polimi.it\">gabriele.dubini@polimi.it<\/a><\/td><\/tr><tr><td>\u00a0\u00a0Prof. Francesco Migliavacca, PhD<\/td><td>Professor of Bioengineering<\/td><td><a href=\"mailto:francesco.migliavacca@polimi.it\">francesco.migliavacca@polimi.it<\/a><\/td><\/tr><tr><td>\u00a0\u00a0Prof. Giancarlo Pennati, PhD<\/td><td>Professor of Industrial Bioengineering<\/td><td><a href=\"mailto:giancarlo.pennati@polimi.it\">giancarlo.pennati@polimi.it<\/a><\/td><\/tr><tr><td>\u00a0\u00a0Prof. Jos\u00e9 F\u00e9lix Rodriguez Matas, PhD<\/td><td>Associate professor of Computational Biomechanics<\/td><td><a href=\"mailto:josefelix.rodriguezmatas@polimi.it\">josefelix.rodriguezmatas@polimi.it<\/a><\/td><\/tr><tr><td>\u00a0\u00a0Giulia Luraghi,PhD<\/td><td>Postdoc<\/td><td><a href=\"mailto:giulia.luraghi@polimi.it\">giulia.luraghi@polimi.it<\/a><\/td><\/tr><tr><td>Sara Bridio, MSc<\/td><td>PhD fellow<\/td><td><a href=\"mailto:sara.bridio@polimi.it\">sara.bridio@polimi.it<\/a><\/td><\/tr><tr><td>\u00a0\u00a0Vanessa BLANC-GUILLEMAUD<\/td><td><\/td><td>Servier<\/td><td><a href=\"mailto:vanessa.blanc-guillemaud@servier.com\">vanessa.blanc-guillemaud@servier.com<\/a><\/td><\/tr><tr><td>\u00a0\u00a0Professor Bastien Chopard<\/td><td><\/td><td rowspan=\"3\">UNIGE (University of Geneva)<\/td><td><a href=\"mailto:Bastien.Chopard@unige.ch\">Bastien.Chopard@unige.ch<\/a><\/td><\/tr><tr><td>\u00a0\u00a0Remy Petkantchin<\/td><td>PhD fellow<\/td><td><a href=\"mailto:Remy.Petkantchin@unige.ch\">Remy.Petkantchin@unige.ch<\/a><\/td><\/tr><tr><td>\u00a0\u00a0Franck Raynaud, PhD<\/td><td><\/td><td><a href=\"mailto:Franck.Raynaud@unige.ch\">Franck.Raynaud@unige.ch<\/a><\/td><\/tr><tr><td>Dr. Stephen Payne<\/td><td>Associate Professor at the institute of Biomedical Engineering<\/td><td rowspan=\"3\">UOXF (University of Oxford)<\/td><td><a href=\"mailto:stephen.payne@keble.ox.ac.uk\">stephen.payne@keble.ox.ac.uk<\/a><\/td><\/tr><tr><td>Dr. Wahbi K. El-Bouri<\/td><td>Postdoc<\/td><td><a href=\"mailto:wahbi.el-bouri@eng.ox.ac.uk\">wahbi.el-bouri@eng.ox.ac.uk<\/a><\/td><\/tr><tr><td>Tam\u00e1s Istv\u00e1n J\u00f3zsa<\/td><td>Postdoc<\/td><td><a href=\"mailto:tamas.jozsa@eng.ox.ac.uk\">tamas.jozsa@eng.ox.ac.uk<\/a><\/td><\/tr><tr><td>Prof. Dr. Alfons Hoekstra<\/td><td>Professor in Computational Biomedicine<\/td><td rowspan=\"2\">University of Amsterdam (UvA)<\/td><td><a href=\"mailto:a.g.hoekstra@uva.nl\">a.g.hoekstra@uva.nl<\/a><\/td><\/tr><tr><td>Raymond padmos, MSc<\/td><td>PhD Fellow<\/td><td><a href=\"mailto:r.m.padmos@uva.nl\">r.m.padmos@uva.nl<\/a><\/td><\/tr><\/tbody><\/table><\/figure>\n","protected":false},"excerpt":{"rendered":"<p>In the INSIST project many different Institutes and people are involved. To make it easier to search, the people are<\/p>\n","protected":false},"author":1,"featured_media":0,"parent":0,"menu_order":0,"comment_status":"closed","ping_status":"closed","template":"","meta":{"colormag_page_container_layout":"no_sidebar_full_width","colormag_page_sidebar_layout":"no_sidebar","footnotes":""},"class_list":["post-41","page","type-page","status-publish","hentry"],"_links":{"self":[{"href":"https:\/\/insist-h2020.eu\/index.php?rest_route=\/wp\/v2\/pages\/41","targetHints":{"allow":["GET"]}}],"collection":[{"href":"https:\/\/insist-h2020.eu\/index.php?rest_route=\/wp\/v2\/pages"}],"about":[{"href":"https:\/\/insist-h2020.eu\/index.php?rest_route=\/wp\/v2\/types\/page"}],"author":[{"embeddable":true,"href":"https:\/\/insist-h2020.eu\/index.php?rest_route=\/wp\/v2\/users\/1"}],"replies":[{"embeddable":true,"href":"https:\/\/insist-h2020.eu\/index.php?rest_route=%2Fwp%2Fv2%2Fcomments&post=41"}],"version-history":[{"count":3,"href":"https:\/\/insist-h2020.eu\/index.php?rest_route=\/wp\/v2\/pages\/41\/revisions"}],"predecessor-version":[{"id":92,"href":"https:\/\/insist-h2020.eu\/index.php?rest_route=\/wp\/v2\/pages\/41\/revisions\/92"}],"wp:attachment":[{"href":"https:\/\/insist-h2020.eu\/index.php?rest_route=%2Fwp%2Fv2%2Fmedia&parent=41"}],"curies":[{"name":"wp","href":"https:\/\/api.w.org\/{rel}","templated":true}]}}