{"id":134,"date":"2023-08-08T06:29:08","date_gmt":"2023-08-08T06:29:08","guid":{"rendered":"https:\/\/insist-h2020.eu\/?page_id=134"},"modified":"2023-08-08T06:33:51","modified_gmt":"2023-08-08T06:33:51","slug":"uoxf","status":"publish","type":"page","link":"https:\/\/insist-h2020.eu\/?page_id=134","title":{"rendered":"UOXF"},"content":{"rendered":"\n<p><strong>UOXF&nbsp;(University of Oxford)<\/strong><\/p>\n\n\n\n<div class=\"wp-block-columns is-layout-flex wp-container-core-columns-is-layout-28f84493 wp-block-columns-is-layout-flex\">\n<div class=\"wp-block-column is-layout-flow wp-block-column-is-layout-flow\">\n<div class=\"wp-block-columns is-layout-flex wp-container-core-columns-is-layout-28f84493 wp-block-columns-is-layout-flex\">\n<div class=\"wp-block-column is-layout-flow wp-block-column-is-layout-flow\" style=\"flex-basis:25%\">\n<figure class=\"wp-block-image size-full\"><img loading=\"lazy\" decoding=\"async\" width=\"400\" height=\"400\" src=\"https:\/\/insist-h2020.eu\/wp-content\/uploads\/2023\/08\/Stephen-400x400-1.png\" alt=\"\" class=\"wp-image-85\" srcset=\"https:\/\/insist-h2020.eu\/wp-content\/uploads\/2023\/08\/Stephen-400x400-1.png 400w, https:\/\/insist-h2020.eu\/wp-content\/uploads\/2023\/08\/Stephen-400x400-1-300x300.png 300w, https:\/\/insist-h2020.eu\/wp-content\/uploads\/2023\/08\/Stephen-400x400-1-150x150.png 150w\" sizes=\"auto, (max-width: 400px) 100vw, 400px\" \/><\/figure>\n\n\n\n<div class=\"wp-block-columns is-layout-flex wp-container-core-columns-is-layout-28f84493 wp-block-columns-is-layout-flex\">\n<div class=\"wp-block-column is-layout-flow wp-block-column-is-layout-flow\">\n<figure class=\"wp-block-image size-full\"><a href=\"https:\/\/twitter.com\/brain_bfm\" target=\"_blank\" rel=\"noreferrer noopener\"><img loading=\"lazy\" decoding=\"async\" width=\"225\" height=\"225\" src=\"https:\/\/insist-h2020.eu\/wp-content\/uploads\/2023\/08\/twitter.jpg\" alt=\"\" class=\"wp-image-112\" srcset=\"https:\/\/insist-h2020.eu\/wp-content\/uploads\/2023\/08\/twitter.jpg 225w, https:\/\/insist-h2020.eu\/wp-content\/uploads\/2023\/08\/twitter-150x150.jpg 150w\" sizes=\"auto, (max-width: 225px) 100vw, 225px\" \/><\/a><\/figure>\n<\/div>\n\n\n\n<div class=\"wp-block-column is-layout-flow wp-block-column-is-layout-flow\"><\/div>\n<\/div>\n<\/div>\n\n\n\n<div class=\"wp-block-column is-layout-flow wp-block-column-is-layout-flow\">\n<p><strong>Dr. Stephen Payne<\/strong><\/p>\n\n\n\n<p>Currently he is a Professor + Yushan Scholar, Cerebral Haemodynamics Group \/Institute of Applied Mechanics and Department of Mathematics, National Taiwan University, Taiwan. His work lies primarily in mathematical modelling and signal processing related to cerebral blood flow and metabolism with the main focus on cerebral autoregulation.\u00a0<a href=\"https:\/\/insist-h2020.eu\/wp-content\/uploads\/2023\/08\/CV_Stephen.pdf\" data-type=\"attachment\" data-id=\"139\" target=\"_blank\" rel=\"noreferrer noopener\">\u00a0Long_Bio<\/a><\/p>\n\n\n\n<p><strong>Keywords<\/strong> cerebral blood flow &#8211; haemodynamics &#8211; cerebral autoregulation<\/p>\n<\/div>\n<\/div>\n<\/div>\n\n\n\n<div class=\"wp-block-column is-layout-flow wp-block-column-is-layout-flow\">\n<div class=\"wp-block-columns is-layout-flex wp-container-core-columns-is-layout-28f84493 wp-block-columns-is-layout-flex\">\n<div class=\"wp-block-column is-layout-flow wp-block-column-is-layout-flow\" style=\"flex-basis:25%\">\n<figure class=\"wp-block-image size-full\"><img loading=\"lazy\" decoding=\"async\" width=\"273\" height=\"215\" src=\"https:\/\/insist-h2020.eu\/wp-content\/uploads\/2023\/08\/wahbi-el-bouri-2.jpg\" alt=\"\" class=\"wp-image-88\"\/><\/figure>\n\n\n\n<div class=\"wp-block-columns is-layout-flex wp-container-core-columns-is-layout-28f84493 wp-block-columns-is-layout-flex\">\n<div class=\"wp-block-column is-layout-flow wp-block-column-is-layout-flow\">\n<figure class=\"wp-block-image size-full\"><a href=\"https:\/\/twitter.com\/WahbiKElBouri\" target=\"_blank\" rel=\"noreferrer noopener\"><img loading=\"lazy\" decoding=\"async\" width=\"225\" height=\"225\" src=\"https:\/\/insist-h2020.eu\/wp-content\/uploads\/2023\/08\/twitter.jpg\" alt=\"\" class=\"wp-image-112\" srcset=\"https:\/\/insist-h2020.eu\/wp-content\/uploads\/2023\/08\/twitter.jpg 225w, https:\/\/insist-h2020.eu\/wp-content\/uploads\/2023\/08\/twitter-150x150.jpg 150w\" sizes=\"auto, (max-width: 225px) 100vw, 225px\" \/><\/a><\/figure>\n<\/div>\n\n\n\n<div class=\"wp-block-column is-layout-flow wp-block-column-is-layout-flow\">\n<figure class=\"wp-block-image size-full\"><a href=\"https:\/\/www.linkedin.com\/in\/wahbi-el-bouri\/\" target=\"_blank\" rel=\"noreferrer noopener\"><img loading=\"lazy\" decoding=\"async\" width=\"200\" height=\"200\" src=\"https:\/\/insist-h2020.eu\/wp-content\/uploads\/2023\/08\/linkedin_2.png\" alt=\"\" class=\"wp-image-96\" srcset=\"https:\/\/insist-h2020.eu\/wp-content\/uploads\/2023\/08\/linkedin_2.png 200w, https:\/\/insist-h2020.eu\/wp-content\/uploads\/2023\/08\/linkedin_2-150x150.png 150w\" sizes=\"auto, (max-width: 200px) 100vw, 200px\" \/><\/a><\/figure>\n<\/div>\n\n\n\n<div class=\"wp-block-column is-layout-flow wp-block-column-is-layout-flow\">\n<figure class=\"wp-block-image size-full\"><a href=\"https:\/\/scholar.google.co.uk\/citations?user=FN9UwQoAAAAJ&amp;hl=en\" target=\"_blank\" rel=\"noreferrer noopener\"><img loading=\"lazy\" decoding=\"async\" width=\"251\" height=\"201\" src=\"https:\/\/insist-h2020.eu\/wp-content\/uploads\/2023\/08\/google-scholar.jpg\" alt=\"\" class=\"wp-image-95\"\/><\/a><\/figure>\n<\/div>\n<\/div>\n<\/div>\n\n\n\n<div class=\"wp-block-column is-layout-flow wp-block-column-is-layout-flow\">\n<p><strong>Dr. Wahbi K. El-Bouri<\/strong> <\/p>\n\n\n\n<p>A postdoctoral research assistant in the Cerebral Hemodynamics Group at the University of Oxford.\u00a0Next to developing in-silico clinical trials of stroke treatment, he is working on methods to measure intracranial pressure non-invasively, and working on understanding the microvascular role in dementia and cognitive decline. <a href=\"https:\/\/insist-h2020.eu\/wp-content\/uploads\/2023\/08\/CV_Wahbi.pdf\" data-type=\"attachment\" data-id=\"140\" target=\"_blank\" rel=\"noreferrer noopener\">Long_Bio<\/a><\/p>\n<\/div>\n<\/div>\n<\/div>\n<\/div>\n\n\n\n<div class=\"wp-block-columns is-layout-flex wp-container-core-columns-is-layout-28f84493 wp-block-columns-is-layout-flex\">\n<div class=\"wp-block-column is-layout-flow wp-block-column-is-layout-flow\">\n<div class=\"wp-block-columns is-layout-flex wp-container-core-columns-is-layout-28f84493 wp-block-columns-is-layout-flex\">\n<div class=\"wp-block-column is-layout-flow wp-block-column-is-layout-flow\" style=\"flex-basis:25%\">\n<figure class=\"wp-block-image size-full\"><img loading=\"lazy\" decoding=\"async\" width=\"400\" height=\"400\" src=\"https:\/\/insist-h2020.eu\/wp-content\/uploads\/2023\/08\/jozsa_insist_pic.png\" alt=\"\" class=\"wp-image-64\" srcset=\"https:\/\/insist-h2020.eu\/wp-content\/uploads\/2023\/08\/jozsa_insist_pic.png 400w, https:\/\/insist-h2020.eu\/wp-content\/uploads\/2023\/08\/jozsa_insist_pic-300x300.png 300w, https:\/\/insist-h2020.eu\/wp-content\/uploads\/2023\/08\/jozsa_insist_pic-150x150.png 150w\" sizes=\"auto, (max-width: 400px) 100vw, 400px\" \/><\/figure>\n\n\n\n<div class=\"wp-block-columns is-layout-flex wp-container-core-columns-is-layout-28f84493 wp-block-columns-is-layout-flex\">\n<div class=\"wp-block-column is-layout-flow wp-block-column-is-layout-flow\">\n<figure class=\"wp-block-image size-full\"><a href=\"https:\/\/www.linkedin.com\/in\/tam\u00e1s-istv\u00e1n-j\u00f3zsa-87b564ab\" target=\"_blank\" rel=\"noreferrer noopener\"><img loading=\"lazy\" decoding=\"async\" width=\"200\" height=\"200\" src=\"https:\/\/insist-h2020.eu\/wp-content\/uploads\/2023\/08\/linkedin_2.png\" alt=\"\" class=\"wp-image-96\" srcset=\"https:\/\/insist-h2020.eu\/wp-content\/uploads\/2023\/08\/linkedin_2.png 200w, https:\/\/insist-h2020.eu\/wp-content\/uploads\/2023\/08\/linkedin_2-150x150.png 150w\" sizes=\"auto, (max-width: 200px) 100vw, 200px\" \/><\/a><\/figure>\n<\/div>\n\n\n\n<div class=\"wp-block-column is-layout-flow wp-block-column-is-layout-flow\"><\/div>\n<\/div>\n<\/div>\n\n\n\n<div class=\"wp-block-column is-layout-flow wp-block-column-is-layout-flow\">\n<p><strong>Tam\u00e1s Istv\u00e1n J\u00f3zsa<\/strong><\/p>\n\n\n\n<p>Postdoctoral research assistant at the Institute of Biomedical Engineering,\u00a0Department of Engineering Science. His work aims to develop a numerical model of cerebral blood flow through the microvasculature. The purpose of the model is to compute the perfusion of brain tissue, identify ischemic regions, and predict tissue death and survival (WP5).<a href=\"https:\/\/insist-h2020.eu\/wp-content\/uploads\/2023\/08\/CV_jozsa.pdf\" data-type=\"attachment\" data-id=\"138\" target=\"_blank\" rel=\"noreferrer noopener\">\u00a0Long_Bio<\/a><\/p>\n\n\n\n<p><strong>Keywords<\/strong>: cerebral blood flow &#8211; haemodynamics &#8211; mathematical modelling<\/p>\n<\/div>\n<\/div>\n<\/div>\n\n\n\n<div class=\"wp-block-column is-layout-flow wp-block-column-is-layout-flow\"><\/div>\n<\/div>\n","protected":false},"excerpt":{"rendered":"<p>UOXF&nbsp;(University of Oxford) Dr. Stephen Payne Currently he is a Professor + Yushan Scholar, Cerebral Haemodynamics Group \/Institute of Applied<\/p>\n","protected":false},"author":1,"featured_media":0,"parent":0,"menu_order":0,"comment_status":"closed","ping_status":"closed","template":"","meta":{"colormag_page_container_layout":"no_sidebar_full_width","colormag_page_sidebar_layout":"no_sidebar","footnotes":""},"class_list":["post-134","page","type-page","status-publish","hentry"],"_links":{"self":[{"href":"https:\/\/insist-h2020.eu\/index.php?rest_route=\/wp\/v2\/pages\/134","targetHints":{"allow":["GET"]}}],"collection":[{"href":"https:\/\/insist-h2020.eu\/index.php?rest_route=\/wp\/v2\/pages"}],"about":[{"href":"https:\/\/insist-h2020.eu\/index.php?rest_route=\/wp\/v2\/types\/page"}],"author":[{"embeddable":true,"href":"https:\/\/insist-h2020.eu\/index.php?rest_route=\/wp\/v2\/users\/1"}],"replies":[{"embeddable":true,"href":"https:\/\/insist-h2020.eu\/index.php?rest_route=%2Fwp%2Fv2%2Fcomments&post=134"}],"version-history":[{"count":4,"href":"https:\/\/insist-h2020.eu\/index.php?rest_route=\/wp\/v2\/pages\/134\/revisions"}],"predecessor-version":[{"id":142,"href":"https:\/\/insist-h2020.eu\/index.php?rest_route=\/wp\/v2\/pages\/134\/revisions\/142"}],"wp:attachment":[{"href":"https:\/\/insist-h2020.eu\/index.php?rest_route=%2Fwp%2Fv2%2Fmedia&parent=134"}],"curies":[{"name":"wp","href":"https:\/\/api.w.org\/{rel}","templated":true}]}}